{"id":1941,"date":"2022-07-08T09:41:41","date_gmt":"2022-07-08T09:41:41","guid":{"rendered":"https:\/\/www.grupoconstrucia.com\/?page_id=1941"},"modified":"2022-07-10T15:29:45","modified_gmt":"2022-07-10T15:29:45","slug":"politica-de-cookies-grupo-construcia","status":"publish","type":"page","link":"https:\/\/www.grupoconstrucia.com\/index.php\/politica-de-cookies-grupo-construcia\/","title":{"rendered":"Pol\u00edtica de cookies Grupo Construc\u00eda"},"content":{"rendered":"\t\t<div data-elementor-type=\"wp-page\" data-elementor-id=\"1941\" class=\"elementor elementor-1941\">\n\t\t\t\t\t\t<section class=\"elementor-section elementor-top-section elementor-element elementor-element-5d954044 elementor-section-boxed elementor-section-height-default elementor-section-height-default\" data-id=\"5d954044\" data-element_type=\"section\" data-e-type=\"section\">\n\t\t\t\t\t\t<div class=\"elementor-container elementor-column-gap-default\">\n\t\t\t\t\t<div class=\"elementor-column elementor-col-100 elementor-top-column elementor-element elementor-element-401c0841\" data-id=\"401c0841\" data-element_type=\"column\" data-e-type=\"column\">\n\t\t\t<div class=\"elementor-widget-wrap elementor-element-populated\">\n\t\t\t\t\t\t<div class=\"elementor-element elementor-element-25d37b63 elementor-widget elementor-widget-text-editor\" data-id=\"25d37b63\" data-element_type=\"widget\" data-e-type=\"widget\" data-widget_type=\"text-editor.default\">\n\t\t\t\t<div class=\"elementor-widget-container\">\n\t\t\t\t\t\t\t\t\t<h3>Aceptaci\u00f3n uso de cookies<\/h3>\nEl Sitio Web utiliza\u00a0cookies. Las cookies son ficheros creados en el navegador del usuario para registrar su actividad en el Sitio Web y permitirle una navegaci\u00f3n m\u00e1s fluida y personalizada.\n\n<table class=\"tabla_cookies\">\n<tbody>\n<tr>\n<td>Cookie<\/td>\n<td>Nombre<\/td>\n<td>Prop\u00f3sito<\/td>\n<td>M\u00e1s informaci\u00f3n<\/td>\n<\/tr>\n<tr>\n<td>Google<\/td>\n<td>_ga _gid<\/td>\n<td>Cookies de Google Analytics que habilitan la funci\u00f3n de control de visitas \u00fanicas. La primera vez que un usuario entre en el sitio web a trav\u00e9s de un navegador se instalar\u00e1n estas cookies. Cuando este usuario vuelva a entrar en la web con el mismo navegador, las cookies considerar\u00e1n que es el mismo usuario. Solo en el caso de que el usuario cambie de navegador, se considerar\u00e1 otro usuario.<\/td>\n<td>\n<ul>\n \t<li>Google Privacy Centre<\/li>\n \t<li>Google Analytics opt-out add-on<\/li>\n<\/ul>\n<\/td>\n<\/tr>\n<tr>\n<td>Google<\/td>\n<td>_gat_gtag_U A_121570394_1<\/td>\n<td>Incluye informaci\u00f3n de la campa\u00f1a relativa al usuario. Si se han vinculado las cuentas de Google Analytics y AdWords, las etiquetas de conversi\u00f3n de sitios web leer\u00e1n esta cookie, a menos que se inhabilite.<\/td>\n<td>\n<ul>\n \t<li>Google Privacy Centre<\/li>\n \t<li>Google Analytics opt-out add-on<\/li>\n<\/ul>\n<\/td>\n<\/tr>\n<tr>\n<td>Construcia<\/td>\n<td>PHPSESSID<\/td>\n<td>Permite al usuario visualizar la p\u00e1gina e interactuar con ella<\/td>\n<td>Construc\u00eda privacy policy<\/td>\n<\/tr>\n<\/tbody>\n<\/table>\nPara utilizar este Sitio Web resulta necesaria la instalaci\u00f3n de cookies. El usuario puede revocar el consentimiento otorgado cesando en la navegaci\u00f3n, no aceptarlas o configurar su navegador para bloquearlas y, en su caso, eliminarlas. M\u00e1s informaci\u00f3n para cada navegador:\n<ul>\n \t<li>Internet Explorer 8 y superior; InPrivate<\/li>\n \t<li>Safari 2 y superior; Navegaci\u00f3n Privada<\/li>\n \t<li>Opera 10.5 y superior; Navegaci\u00f3n Privada<\/li>\n \t<li>FireFox 3.5 y superior; Navegaci\u00f3n Privada<\/li>\n \t<li>Google Chrome 10 y superior; Inc\u00f3gnito<\/li>\n<\/ul>\nEn otros sitios de CONSTRUCIA se instalan cookies de terceros a todos sus visitantes, aunque no sean usuarios registrados en las correspondientes plataformas:\n<ul>\n \t<li>CONSTRUCIA en Facebook. Cookies: datr, reg_fb_gate y reg_fb_ref. Sus finalidades est\u00e1n descritas en la P\u00e1gina de Cookies de Facebook.<\/li>\n \t<li>CONSTRUCIA en Linkedin. Cookies: JSESSIONID, visit, bcookie, S-LI-IDC, L1e, X-LI-IDC, _qca, RT, __utma, __utmb, __utmc, __utmz, __utmv, leo_auth_token, lang. Sus finalidades est\u00e1n descritas en la P\u00e1gina de Cookies de Linkedin.<\/li>\n<\/ul>\t\t\t\t\t\t\t\t<\/div>\n\t\t\t\t<\/div>\n\t\t\t\t\t<\/div>\n\t\t<\/div>\n\t\t\t\t\t<\/div>\n\t\t<\/section>\n\t\t\t\t<section class=\"elementor-section elementor-top-section elementor-element elementor-element-0709aae elementor-section-boxed elementor-section-height-default elementor-section-height-default\" data-id=\"0709aae\" data-element_type=\"section\" data-e-type=\"section\">\n\t\t\t\t\t\t<div class=\"elementor-container elementor-column-gap-default\">\n\t\t\t\t\t<div class=\"elementor-column elementor-col-100 elementor-top-column elementor-element elementor-element-6565efb\" data-id=\"6565efb\" data-element_type=\"column\" data-e-type=\"column\">\n\t\t\t<div class=\"elementor-widget-wrap elementor-element-populated\">\n\t\t\t\t\t\t<div class=\"elementor-element elementor-element-830e86b elementor-align-center elementor-widget elementor-widget-button\" data-id=\"830e86b\" data-element_type=\"widget\" data-e-type=\"widget\" data-widget_type=\"button.default\">\n\t\t\t\t<div class=\"elementor-widget-container\">\n\t\t\t\t\t\t\t\t\t<div class=\"elementor-button-wrapper\">\n\t\t\t\t\t<a class=\"elementor-button elementor-button-link elementor-size-xl\" href=\"https:\/\/www.grupoconstrucia.com\/#Footer\">\n\t\t\t\t\t\t<span class=\"elementor-button-content-wrapper\">\n\t\t\t\t\t\t<span class=\"elementor-button-icon\">\n\t\t\t\t<i aria-hidden=\"true\" class=\"fas fa-arrow-left\"><\/i>\t\t\t<\/span>\n\t\t\t\t\t\t\t\t\t<span class=\"elementor-button-text\">Volver a inicio<\/span>\n\t\t\t\t\t<\/span>\n\t\t\t\t\t<\/a>\n\t\t\t\t<\/div>\n\t\t\t\t\t\t\t\t<\/div>\n\t\t\t\t<\/div>\n\t\t\t\t\t<\/div>\n\t\t<\/div>\n\t\t\t\t\t<\/div>\n\t\t<\/section>\n\t\t\t\t<\/div>\n\t\t","protected":false},"excerpt":{"rendered":"<p>Aceptaci\u00f3n uso de cookies El Sitio Web utiliza\u00a0cookies. Las cookies son ficheros creados en el navegador del usuario para registrar su actividad en el Sitio Web y permitirle una navegaci\u00f3n<span class=\"excerpt-hellip\"> [\u2026]<\/span><\/p>\n","protected":false},"author":13,"featured_media":0,"parent":0,"menu_order":0,"comment_status":"closed","ping_status":"closed","template":"","meta":{"_acf_changed":false,"footnotes":"","_links_to":"","_links_to_target":""},"class_list":["post-1941","page","type-page","status-publish","hentry"],"acf":[],"_links":{"self":[{"href":"https:\/\/www.grupoconstrucia.com\/index.php\/wp-json\/wp\/v2\/pages\/1941","targetHints":{"allow":["GET"]}}],"collection":[{"href":"https:\/\/www.grupoconstrucia.com\/index.php\/wp-json\/wp\/v2\/pages"}],"about":[{"href":"https:\/\/www.grupoconstrucia.com\/index.php\/wp-json\/wp\/v2\/types\/page"}],"author":[{"embeddable":true,"href":"https:\/\/www.grupoconstrucia.com\/index.php\/wp-json\/wp\/v2\/users\/13"}],"replies":[{"embeddable":true,"href":"https:\/\/www.grupoconstrucia.com\/index.php\/wp-json\/wp\/v2\/comments?post=1941"}],"version-history":[{"count":13,"href":"https:\/\/www.grupoconstrucia.com\/index.php\/wp-json\/wp\/v2\/pages\/1941\/revisions"}],"predecessor-version":[{"id":2059,"href":"https:\/\/www.grupoconstrucia.com\/index.php\/wp-json\/wp\/v2\/pages\/1941\/revisions\/2059"}],"wp:attachment":[{"href":"https:\/\/www.grupoconstrucia.com\/index.php\/wp-json\/wp\/v2\/media?parent=1941"}],"curies":[{"name":"wp","href":"https:\/\/api.w.org\/{rel}","templated":true}]}}